{"id":1069,"date":"2024-12-06T09:28:48","date_gmt":"2024-12-06T09:28:48","guid":{"rendered":"https:\/\/startersites.io\/elementor\/pottery\/?page_id=1069"},"modified":"2025-02-11T17:26:07","modified_gmt":"2025-02-11T16:26:07","slug":"contact-us-2","status":"publish","type":"page","link":"https:\/\/www.svettlace.sk\/?page_id=1069","title":{"rendered":"Contact Us"},"content":{"rendered":"\t\t<div data-elementor-type=\"wp-page\" data-elementor-id=\"1069\" class=\"elementor elementor-1069\" data-elementor-post-type=\"page\">\n\t\t\t\t<div class=\"elementor-element elementor-element-c72fd7d ct-hero e-flex e-con-boxed e-con e-parent\" data-id=\"c72fd7d\" data-element_type=\"container\" data-settings=\"{&quot;background_background&quot;:&quot;classic&quot;}\">\n\t\t\t\t\t<div class=\"e-con-inner\">\n\t\t\t\t\t<\/div>\n\t\t\t\t<\/div>\n\t\t<div class=\"elementor-element elementor-element-47cc4640 e-flex e-con-boxed e-con e-parent\" data-id=\"47cc4640\" data-element_type=\"container\" data-settings=\"{&quot;background_background&quot;:&quot;classic&quot;}\">\n\t\t\t\t\t<div class=\"e-con-inner\">\n\t\t\t\t<div class=\"elementor-element elementor-element-28ac907 elementor-widget elementor-widget-image\" data-id=\"28ac907\" data-element_type=\"widget\" data-widget_type=\"image.default\">\n\t\t\t\t<div class=\"elementor-widget-container\">\n\t\t\t\t\t\t\t\t\t\t\t\t\t\t\t<img fetchpriority=\"high\" decoding=\"async\" width=\"600\" height=\"450\" src=\"https:\/\/www.svettlace.sk\/wp-content\/uploads\/2025\/02\/info-2-600x450.jpg\" class=\"attachment-woocommerce_archive_thumbnail size-woocommerce_archive_thumbnail wp-image-1624\" alt=\"\" \/>\t\t\t\t\t\t\t\t\t\t\t\t\t\t\t<\/div>\n\t\t\t\t<\/div>\n\t\t<div class=\"elementor-element elementor-element-27b76a4e e-con-full e-flex e-con e-child\" data-id=\"27b76a4e\" data-element_type=\"container\">\n\t\t\t\t<div class=\"elementor-element elementor-element-2eff350d animated-slow elementor-invisible elementor-widget elementor-widget-heading\" data-id=\"2eff350d\" data-element_type=\"widget\" data-settings=\"{&quot;_animation&quot;:&quot;slideInUp&quot;}\" data-widget_type=\"heading.default\">\n\t\t\t\t<div class=\"elementor-widget-container\">\n\t\t\t\t\t<h2 class=\"elementor-heading-title elementor-size-default\">Kontaktujte n\u00e1s priamo<\/h2>\t\t\t\t<\/div>\n\t\t\t\t<\/div>\n\t\t\t\t<div class=\"elementor-element elementor-element-29c050aa animated-slow elementor-invisible elementor-widget elementor-widget-heading\" data-id=\"29c050aa\" data-element_type=\"widget\" data-settings=\"{&quot;_animation&quot;:&quot;slideInUp&quot;}\" data-widget_type=\"heading.default\">\n\t\t\t\t<div class=\"elementor-widget-container\">\n\t\t\t\t\t<h2 class=\"elementor-heading-title elementor-size-default\">Konzult\u00e1cie a strenutia <\/h2>\t\t\t\t<\/div>\n\t\t\t\t<\/div>\n\t\t\t\t<div class=\"elementor-element elementor-element-61c5085a elementor-widget elementor-widget-text-editor\" data-id=\"61c5085a\" data-element_type=\"widget\" data-widget_type=\"text-editor.default\">\n\t\t\t\t<div class=\"elementor-widget-container\">\n\t\t\t\t\t\t\t\t\t<p>+421 918 216 668<\/p><p>info@svettlace.sk<\/p><p>\u00a0<\/p>\t\t\t\t\t\t\t\t<\/div>\n\t\t\t\t<\/div>\n\t\t\t\t<\/div>\n\t\t\t\t\t<\/div>\n\t\t\t\t<\/div>\n\t\t<div class=\"elementor-element elementor-element-ad8f492 e-grid e-con-boxed e-con e-parent\" data-id=\"ad8f492\" data-element_type=\"container\">\n\t\t\t\t\t<div class=\"e-con-inner\">\n\t\t\t\t<div class=\"elementor-element elementor-element-7cc8394 elementor-widget elementor-widget-text-editor\" data-id=\"7cc8394\" data-element_type=\"widget\" data-widget_type=\"text-editor.default\">\n\t\t\t\t<div class=\"elementor-widget-container\">\n\t\t\t\t\t\t\t\t\t<p><strong>\u010eakujeme, \u017ee ste si vybrali na\u0161u spolo\u010dnos\u0165!<\/strong><\/p><p>Sme v\u010fa\u010dn\u00ed, \u017ee n\u00e1m d\u00f4verujete pri formovan\u00ed va\u0161ej kreat\u00edvnej bud\u00facnosti. Spolo\u010dne vytv\u00e1rame inovat\u00edvne rie\u0161enia, ktor\u00e9 zanech\u00e1vaj\u00fa trval\u00fd dojem. Te\u0161\u00edme sa na \u010fal\u0161iu spolupr\u00e1cu, ktor\u00e1 prinesie nov\u00e9 pr\u00edle\u017eitosti, \u00faspechy a nezabudnute\u013en\u00e9 z\u00e1\u017eitky.<\/p><p>Va\u0161a v\u00edzia je na\u0161ou in\u0161pir\u00e1ciou. Spolo\u010dne dosiahneme e\u0161te viac.<\/p>\t\t\t\t\t\t\t\t<\/div>\n\t\t\t\t<\/div>\n\t\t\t\t\t<\/div>\n\t\t\t\t<\/div>\n\t\t\t\t<\/div>\n\t\t","protected":false},"excerpt":{"rendered":"<p>Kontaktujte n\u00e1s priamo Konzult\u00e1cie a strenutia +421 918 216 668 info@svettlace.sk \u00a0 \u010eakujeme, \u017ee ste si vybrali na\u0161u spolo\u010dnos\u0165! Sme v\u010fa\u010dn\u00ed, \u017ee n\u00e1m d\u00f4verujete pri formovan\u00ed va\u0161ej kreat\u00edvnej bud\u00facnosti. Spolo\u010dne vytv\u00e1rame inovat\u00edvne rie\u0161enia, ktor\u00e9 zanech\u00e1vaj\u00fa trval\u00fd dojem. Te\u0161\u00edme sa na \u010fal\u0161iu spolupr\u00e1cu, ktor\u00e1 prinesie nov\u00e9 pr\u00edle\u017eitosti, \u00faspechy a nezabudnute\u013en\u00e9 z\u00e1\u017eitky. Va\u0161a v\u00edzia je na\u0161ou in\u0161pir\u00e1ciou. [&hellip;]<\/p>\n","protected":false},"author":1,"featured_media":0,"parent":0,"menu_order":0,"comment_status":"closed","ping_status":"closed","template":"","meta":{"_gspb_post_css":"","footnotes":""},"class_list":["post-1069","page","type-page","status-publish","hentry"],"blocksy_meta":{"has_hero_section":"disabled","vertical_spacing_source":"custom","content_area_spacing":"none","styles_descriptor":{"styles":{"desktop":"","tablet":"","mobile":""},"google_fonts":[],"version":6}},"yoast_head":"<!-- This site is optimized with the Yoast SEO plugin v22.0 - https:\/\/yoast.com\/wordpress\/plugins\/seo\/ -->\n<title>Contact Us - SvetTla\u010de<\/title>\n<meta name=\"robots\" content=\"index, follow, max-snippet:-1, max-image-preview:large, max-video-preview:-1\" \/>\n<link rel=\"canonical\" href=\"https:\/\/www.svettlace.sk\/?page_id=1069\" \/>\n<meta property=\"og:locale\" content=\"sk_SK\" \/>\n<meta property=\"og:type\" content=\"article\" \/>\n<meta property=\"og:title\" content=\"Contact Us - SvetTla\u010de\" \/>\n<meta property=\"og:description\" content=\"Kontaktujte n\u00e1s priamo Konzult\u00e1cie a strenutia +421 918 216 668 info@svettlace.sk \u00a0 \u010eakujeme, \u017ee ste si vybrali na\u0161u spolo\u010dnos\u0165! Sme v\u010fa\u010dn\u00ed, \u017ee n\u00e1m d\u00f4verujete pri formovan\u00ed va\u0161ej kreat\u00edvnej bud\u00facnosti. Spolo\u010dne vytv\u00e1rame inovat\u00edvne rie\u0161enia, ktor\u00e9 zanech\u00e1vaj\u00fa trval\u00fd dojem. Te\u0161\u00edme sa na \u010fal\u0161iu spolupr\u00e1cu, ktor\u00e1 prinesie nov\u00e9 pr\u00edle\u017eitosti, \u00faspechy a nezabudnute\u013en\u00e9 z\u00e1\u017eitky. Va\u0161a v\u00edzia je na\u0161ou in\u0161pir\u00e1ciou. [&hellip;]\" \/>\n<meta property=\"og:url\" content=\"https:\/\/www.svettlace.sk\/?page_id=1069\" \/>\n<meta property=\"og:site_name\" content=\"SvetTla\u010de\" \/>\n<meta property=\"article:modified_time\" content=\"2025-02-11T16:26:07+00:00\" \/>\n<meta property=\"og:image\" content=\"https:\/\/www.svettlace.sk\/wp-content\/uploads\/2025\/02\/info-2-600x450.jpg\" \/>\n<meta name=\"twitter:card\" content=\"summary_large_image\" \/>\n<script type=\"application\/ld+json\" class=\"yoast-schema-graph\">{\"@context\":\"https:\/\/schema.org\",\"@graph\":[{\"@type\":\"WebPage\",\"@id\":\"https:\/\/www.svettlace.sk\/?page_id=1069\",\"url\":\"https:\/\/www.svettlace.sk\/?page_id=1069\",\"name\":\"Contact Us - SvetTla\u010de\",\"isPartOf\":{\"@id\":\"https:\/\/www.svettlace.sk\/#website\"},\"datePublished\":\"2024-12-06T09:28:48+00:00\",\"dateModified\":\"2025-02-11T16:26:07+00:00\",\"breadcrumb\":{\"@id\":\"https:\/\/www.svettlace.sk\/?page_id=1069#breadcrumb\"},\"inLanguage\":\"sk-SK\",\"potentialAction\":[{\"@type\":\"ReadAction\",\"target\":[\"https:\/\/www.svettlace.sk\/?page_id=1069\"]}]},{\"@type\":\"BreadcrumbList\",\"@id\":\"https:\/\/www.svettlace.sk\/?page_id=1069#breadcrumb\",\"itemListElement\":[{\"@type\":\"ListItem\",\"position\":1,\"name\":\"Domovsk\u00e1 str\u00e1nka\",\"item\":\"https:\/\/www.svettlace.sk\/\"},{\"@type\":\"ListItem\",\"position\":2,\"name\":\"Contact Us\"}]},{\"@type\":\"WebSite\",\"@id\":\"https:\/\/www.svettlace.sk\/#website\",\"url\":\"https:\/\/www.svettlace.sk\/\",\"name\":\"SvetTla\u010de\",\"description\":\"V\u00e1\u0161 svet pre tla\u010d\",\"publisher\":{\"@id\":\"https:\/\/www.svettlace.sk\/#organization\"},\"potentialAction\":[{\"@type\":\"SearchAction\",\"target\":{\"@type\":\"EntryPoint\",\"urlTemplate\":\"https:\/\/www.svettlace.sk\/?s={search_term_string}\"},\"query-input\":\"required name=search_term_string\"}],\"inLanguage\":\"sk-SK\"},{\"@type\":\"Organization\",\"@id\":\"https:\/\/www.svettlace.sk\/#organization\",\"name\":\"SvetTla\u010de\",\"url\":\"https:\/\/www.svettlace.sk\/\",\"logo\":{\"@type\":\"ImageObject\",\"inLanguage\":\"sk-SK\",\"@id\":\"https:\/\/www.svettlace.sk\/#\/schema\/logo\/image\/\",\"url\":\"https:\/\/www.svettlace.sk\/wp-content\/uploads\/2025\/02\/LogoBlack.png\",\"contentUrl\":\"https:\/\/www.svettlace.sk\/wp-content\/uploads\/2025\/02\/LogoBlack.png\",\"width\":416,\"height\":104,\"caption\":\"SvetTla\u010de\"},\"image\":{\"@id\":\"https:\/\/www.svettlace.sk\/#\/schema\/logo\/image\/\"}}]}<\/script>\n<!-- \/ Yoast SEO plugin. -->","yoast_head_json":{"title":"Contact Us - SvetTla\u010de","robots":{"index":"index","follow":"follow","max-snippet":"max-snippet:-1","max-image-preview":"max-image-preview:large","max-video-preview":"max-video-preview:-1"},"canonical":"https:\/\/www.svettlace.sk\/?page_id=1069","og_locale":"sk_SK","og_type":"article","og_title":"Contact Us - SvetTla\u010de","og_description":"Kontaktujte n\u00e1s priamo Konzult\u00e1cie a strenutia +421 918 216 668 info@svettlace.sk \u00a0 \u010eakujeme, \u017ee ste si vybrali na\u0161u spolo\u010dnos\u0165! Sme v\u010fa\u010dn\u00ed, \u017ee n\u00e1m d\u00f4verujete pri formovan\u00ed va\u0161ej kreat\u00edvnej bud\u00facnosti. Spolo\u010dne vytv\u00e1rame inovat\u00edvne rie\u0161enia, ktor\u00e9 zanech\u00e1vaj\u00fa trval\u00fd dojem. Te\u0161\u00edme sa na \u010fal\u0161iu spolupr\u00e1cu, ktor\u00e1 prinesie nov\u00e9 pr\u00edle\u017eitosti, \u00faspechy a nezabudnute\u013en\u00e9 z\u00e1\u017eitky. Va\u0161a v\u00edzia je na\u0161ou in\u0161pir\u00e1ciou. [&hellip;]","og_url":"https:\/\/www.svettlace.sk\/?page_id=1069","og_site_name":"SvetTla\u010de","article_modified_time":"2025-02-11T16:26:07+00:00","og_image":[{"url":"https:\/\/www.svettlace.sk\/wp-content\/uploads\/2025\/02\/info-2-600x450.jpg"}],"twitter_card":"summary_large_image","schema":{"@context":"https:\/\/schema.org","@graph":[{"@type":"WebPage","@id":"https:\/\/www.svettlace.sk\/?page_id=1069","url":"https:\/\/www.svettlace.sk\/?page_id=1069","name":"Contact Us - SvetTla\u010de","isPartOf":{"@id":"https:\/\/www.svettlace.sk\/#website"},"datePublished":"2024-12-06T09:28:48+00:00","dateModified":"2025-02-11T16:26:07+00:00","breadcrumb":{"@id":"https:\/\/www.svettlace.sk\/?page_id=1069#breadcrumb"},"inLanguage":"sk-SK","potentialAction":[{"@type":"ReadAction","target":["https:\/\/www.svettlace.sk\/?page_id=1069"]}]},{"@type":"BreadcrumbList","@id":"https:\/\/www.svettlace.sk\/?page_id=1069#breadcrumb","itemListElement":[{"@type":"ListItem","position":1,"name":"Domovsk\u00e1 str\u00e1nka","item":"https:\/\/www.svettlace.sk\/"},{"@type":"ListItem","position":2,"name":"Contact Us"}]},{"@type":"WebSite","@id":"https:\/\/www.svettlace.sk\/#website","url":"https:\/\/www.svettlace.sk\/","name":"SvetTla\u010de","description":"V\u00e1\u0161 svet pre tla\u010d","publisher":{"@id":"https:\/\/www.svettlace.sk\/#organization"},"potentialAction":[{"@type":"SearchAction","target":{"@type":"EntryPoint","urlTemplate":"https:\/\/www.svettlace.sk\/?s={search_term_string}"},"query-input":"required name=search_term_string"}],"inLanguage":"sk-SK"},{"@type":"Organization","@id":"https:\/\/www.svettlace.sk\/#organization","name":"SvetTla\u010de","url":"https:\/\/www.svettlace.sk\/","logo":{"@type":"ImageObject","inLanguage":"sk-SK","@id":"https:\/\/www.svettlace.sk\/#\/schema\/logo\/image\/","url":"https:\/\/www.svettlace.sk\/wp-content\/uploads\/2025\/02\/LogoBlack.png","contentUrl":"https:\/\/www.svettlace.sk\/wp-content\/uploads\/2025\/02\/LogoBlack.png","width":416,"height":104,"caption":"SvetTla\u010de"},"image":{"@id":"https:\/\/www.svettlace.sk\/#\/schema\/logo\/image\/"}}]}},"_links":{"self":[{"href":"https:\/\/www.svettlace.sk\/index.php?rest_route=\/wp\/v2\/pages\/1069","targetHints":{"allow":["GET"]}}],"collection":[{"href":"https:\/\/www.svettlace.sk\/index.php?rest_route=\/wp\/v2\/pages"}],"about":[{"href":"https:\/\/www.svettlace.sk\/index.php?rest_route=\/wp\/v2\/types\/page"}],"author":[{"embeddable":true,"href":"https:\/\/www.svettlace.sk\/index.php?rest_route=\/wp\/v2\/users\/1"}],"replies":[{"embeddable":true,"href":"https:\/\/www.svettlace.sk\/index.php?rest_route=%2Fwp%2Fv2%2Fcomments&post=1069"}],"version-history":[{"count":18,"href":"https:\/\/www.svettlace.sk\/index.php?rest_route=\/wp\/v2\/pages\/1069\/revisions"}],"predecessor-version":[{"id":2023,"href":"https:\/\/www.svettlace.sk\/index.php?rest_route=\/wp\/v2\/pages\/1069\/revisions\/2023"}],"wp:attachment":[{"href":"https:\/\/www.svettlace.sk\/index.php?rest_route=%2Fwp%2Fv2%2Fmedia&parent=1069"}],"curies":[{"name":"wp","href":"https:\/\/api.w.org\/{rel}","templated":true}]}}