{"id":1761,"date":"2025-02-10T15:39:05","date_gmt":"2025-02-10T14:39:05","guid":{"rendered":"https:\/\/www.svetshop.sk\/?post_type=product&#038;p=1761"},"modified":"2025-02-11T11:37:55","modified_gmt":"2025-02-11T10:37:55","slug":"kovove-gulockove-pero-so-stylusom-luxury","status":"publish","type":"product","link":"https:\/\/www.svettlace.sk\/?product=kovove-gulockove-pero-so-stylusom-luxury","title":{"rendered":"Kovov\u00e9 gu\u013e\u00f4\u010dkov\u00e9 pero so stylusom LUXURY"},"content":{"rendered":"<p class=\"text-15 leading-22\">Hlin\u00edkov\u00e9 gu\u013eo\u010dkov\u00e9 pero so stylusom, modr\u00e1 n\u00e1pl\u0148, balen\u00e9 v papierovej krabici, rozmer 17 x 2,7 x 2,2 cm.<\/p>\n","protected":false},"excerpt":{"rendered":"<p>Hlin\u00edkov\u00e9 gu\u013eo\u010dkov\u00e9 pero so stylusom, modr\u00e1 n\u00e1pl\u0148, balen\u00e9 v papierovej krabici, rozmer 17 x 2,7 x 2,2 cm.<\/p>\n","protected":false},"featured_media":1921,"comment_status":"open","ping_status":"closed","template":"","meta":{"_gspb_post_css":""},"product_brand":[],"product_cat":[104,102],"product_tag":[],"class_list":{"0":"post-1761","1":"product","2":"type-product","3":"status-publish","4":"has-post-thumbnail","6":"product_cat-pera","7":"product_cat-reklamne-predmety","9":"first","10":"instock","11":"taxable","12":"shipping-taxable","13":"purchasable","14":"product-type-variable"},"yoast_head":"<!-- This site is optimized with the Yoast SEO plugin v22.0 - https:\/\/yoast.com\/wordpress\/plugins\/seo\/ -->\n<title>Kovov\u00e9 gu\u013e\u00f4\u010dkov\u00e9 pero so stylusom LUXURY - SvetTla\u010de<\/title>\n<meta name=\"robots\" content=\"index, follow, max-snippet:-1, max-image-preview:large, max-video-preview:-1\" \/>\n<link rel=\"canonical\" href=\"https:\/\/www.svettlace.sk\/?product=kovove-gulockove-pero-so-stylusom-luxury\" \/>\n<meta property=\"og:locale\" content=\"sk_SK\" \/>\n<meta property=\"og:type\" content=\"article\" \/>\n<meta property=\"og:title\" content=\"Kovov\u00e9 gu\u013e\u00f4\u010dkov\u00e9 pero so stylusom LUXURY - SvetTla\u010de\" \/>\n<meta property=\"og:description\" content=\"Hlin\u00edkov\u00e9 gu\u013eo\u010dkov\u00e9 pero so stylusom, modr\u00e1 n\u00e1pl\u0148, balen\u00e9 v papierovej krabici, rozmer 17 x 2,7 x 2,2 cm.\" \/>\n<meta property=\"og:url\" content=\"https:\/\/www.svettlace.sk\/?product=kovove-gulockove-pero-so-stylusom-luxury\" \/>\n<meta property=\"og:site_name\" content=\"SvetTla\u010de\" \/>\n<meta property=\"article:modified_time\" content=\"2025-02-11T10:37:55+00:00\" \/>\n<meta property=\"og:image\" content=\"https:\/\/www.svettlace.sk\/wp-content\/uploads\/2025\/02\/Pero1.jpg\" \/>\n\t<meta property=\"og:image:width\" content=\"1000\" \/>\n\t<meta property=\"og:image:height\" content=\"1000\" \/>\n\t<meta property=\"og:image:type\" content=\"image\/jpeg\" \/>\n<meta name=\"twitter:card\" content=\"summary_large_image\" \/>\n<script type=\"application\/ld+json\" class=\"yoast-schema-graph\">{\"@context\":\"https:\/\/schema.org\",\"@graph\":[{\"@type\":\"WebPage\",\"@id\":\"https:\/\/www.svettlace.sk\/?product=kovove-gulockove-pero-so-stylusom-luxury\",\"url\":\"https:\/\/www.svettlace.sk\/?product=kovove-gulockove-pero-so-stylusom-luxury\",\"name\":\"Kovov\u00e9 gu\u013e\u00f4\u010dkov\u00e9 pero so stylusom LUXURY - SvetTla\u010de\",\"isPartOf\":{\"@id\":\"https:\/\/www.svettlace.sk\/#website\"},\"datePublished\":\"2025-02-10T14:39:05+00:00\",\"dateModified\":\"2025-02-11T10:37:55+00:00\",\"breadcrumb\":{\"@id\":\"https:\/\/www.svettlace.sk\/?product=kovove-gulockove-pero-so-stylusom-luxury#breadcrumb\"},\"inLanguage\":\"sk-SK\",\"potentialAction\":[{\"@type\":\"ReadAction\",\"target\":[\"https:\/\/www.svettlace.sk\/?product=kovove-gulockove-pero-so-stylusom-luxury\"]}]},{\"@type\":\"BreadcrumbList\",\"@id\":\"https:\/\/www.svettlace.sk\/?product=kovove-gulockove-pero-so-stylusom-luxury#breadcrumb\",\"itemListElement\":[{\"@type\":\"ListItem\",\"position\":1,\"name\":\"Domovsk\u00e1 str\u00e1nka\",\"item\":\"https:\/\/www.svettlace.sk\/\"},{\"@type\":\"ListItem\",\"position\":2,\"name\":\"Shop\",\"item\":\"https:\/\/www.svettlace.sk\/?page_id=1505\"},{\"@type\":\"ListItem\",\"position\":3,\"name\":\"Kovov\u00e9 gu\u013e\u00f4\u010dkov\u00e9 pero so stylusom LUXURY\"}]},{\"@type\":\"WebSite\",\"@id\":\"https:\/\/www.svettlace.sk\/#website\",\"url\":\"https:\/\/www.svettlace.sk\/\",\"name\":\"SvetTla\u010de\",\"description\":\"V\u00e1\u0161 svet pre tla\u010d\",\"publisher\":{\"@id\":\"https:\/\/www.svettlace.sk\/#organization\"},\"potentialAction\":[{\"@type\":\"SearchAction\",\"target\":{\"@type\":\"EntryPoint\",\"urlTemplate\":\"https:\/\/www.svettlace.sk\/?s={search_term_string}\"},\"query-input\":\"required name=search_term_string\"}],\"inLanguage\":\"sk-SK\"},{\"@type\":\"Organization\",\"@id\":\"https:\/\/www.svettlace.sk\/#organization\",\"name\":\"SvetTla\u010de\",\"url\":\"https:\/\/www.svettlace.sk\/\",\"logo\":{\"@type\":\"ImageObject\",\"inLanguage\":\"sk-SK\",\"@id\":\"https:\/\/www.svettlace.sk\/#\/schema\/logo\/image\/\",\"url\":\"https:\/\/www.svettlace.sk\/wp-content\/uploads\/2025\/02\/LogoBlack.png\",\"contentUrl\":\"https:\/\/www.svettlace.sk\/wp-content\/uploads\/2025\/02\/LogoBlack.png\",\"width\":416,\"height\":104,\"caption\":\"SvetTla\u010de\"},\"image\":{\"@id\":\"https:\/\/www.svettlace.sk\/#\/schema\/logo\/image\/\"}}]}<\/script>\n<!-- \/ Yoast SEO plugin. -->","yoast_head_json":{"title":"Kovov\u00e9 gu\u013e\u00f4\u010dkov\u00e9 pero so stylusom LUXURY - SvetTla\u010de","robots":{"index":"index","follow":"follow","max-snippet":"max-snippet:-1","max-image-preview":"max-image-preview:large","max-video-preview":"max-video-preview:-1"},"canonical":"https:\/\/www.svettlace.sk\/?product=kovove-gulockove-pero-so-stylusom-luxury","og_locale":"sk_SK","og_type":"article","og_title":"Kovov\u00e9 gu\u013e\u00f4\u010dkov\u00e9 pero so stylusom LUXURY - SvetTla\u010de","og_description":"Hlin\u00edkov\u00e9 gu\u013eo\u010dkov\u00e9 pero so stylusom, modr\u00e1 n\u00e1pl\u0148, balen\u00e9 v papierovej krabici, rozmer 17 x 2,7 x 2,2 cm.","og_url":"https:\/\/www.svettlace.sk\/?product=kovove-gulockove-pero-so-stylusom-luxury","og_site_name":"SvetTla\u010de","article_modified_time":"2025-02-11T10:37:55+00:00","og_image":[{"width":1000,"height":1000,"url":"https:\/\/www.svettlace.sk\/wp-content\/uploads\/2025\/02\/Pero1.jpg","type":"image\/jpeg"}],"twitter_card":"summary_large_image","schema":{"@context":"https:\/\/schema.org","@graph":[{"@type":"WebPage","@id":"https:\/\/www.svettlace.sk\/?product=kovove-gulockove-pero-so-stylusom-luxury","url":"https:\/\/www.svettlace.sk\/?product=kovove-gulockove-pero-so-stylusom-luxury","name":"Kovov\u00e9 gu\u013e\u00f4\u010dkov\u00e9 pero so stylusom LUXURY - SvetTla\u010de","isPartOf":{"@id":"https:\/\/www.svettlace.sk\/#website"},"datePublished":"2025-02-10T14:39:05+00:00","dateModified":"2025-02-11T10:37:55+00:00","breadcrumb":{"@id":"https:\/\/www.svettlace.sk\/?product=kovove-gulockove-pero-so-stylusom-luxury#breadcrumb"},"inLanguage":"sk-SK","potentialAction":[{"@type":"ReadAction","target":["https:\/\/www.svettlace.sk\/?product=kovove-gulockove-pero-so-stylusom-luxury"]}]},{"@type":"BreadcrumbList","@id":"https:\/\/www.svettlace.sk\/?product=kovove-gulockove-pero-so-stylusom-luxury#breadcrumb","itemListElement":[{"@type":"ListItem","position":1,"name":"Domovsk\u00e1 str\u00e1nka","item":"https:\/\/www.svettlace.sk\/"},{"@type":"ListItem","position":2,"name":"Shop","item":"https:\/\/www.svettlace.sk\/?page_id=1505"},{"@type":"ListItem","position":3,"name":"Kovov\u00e9 gu\u013e\u00f4\u010dkov\u00e9 pero so stylusom LUXURY"}]},{"@type":"WebSite","@id":"https:\/\/www.svettlace.sk\/#website","url":"https:\/\/www.svettlace.sk\/","name":"SvetTla\u010de","description":"V\u00e1\u0161 svet pre tla\u010d","publisher":{"@id":"https:\/\/www.svettlace.sk\/#organization"},"potentialAction":[{"@type":"SearchAction","target":{"@type":"EntryPoint","urlTemplate":"https:\/\/www.svettlace.sk\/?s={search_term_string}"},"query-input":"required name=search_term_string"}],"inLanguage":"sk-SK"},{"@type":"Organization","@id":"https:\/\/www.svettlace.sk\/#organization","name":"SvetTla\u010de","url":"https:\/\/www.svettlace.sk\/","logo":{"@type":"ImageObject","inLanguage":"sk-SK","@id":"https:\/\/www.svettlace.sk\/#\/schema\/logo\/image\/","url":"https:\/\/www.svettlace.sk\/wp-content\/uploads\/2025\/02\/LogoBlack.png","contentUrl":"https:\/\/www.svettlace.sk\/wp-content\/uploads\/2025\/02\/LogoBlack.png","width":416,"height":104,"caption":"SvetTla\u010de"},"image":{"@id":"https:\/\/www.svettlace.sk\/#\/schema\/logo\/image\/"}}]}},"_links":{"self":[{"href":"https:\/\/www.svettlace.sk\/index.php?rest_route=\/wp\/v2\/product\/1761","targetHints":{"allow":["GET"]}}],"collection":[{"href":"https:\/\/www.svettlace.sk\/index.php?rest_route=\/wp\/v2\/product"}],"about":[{"href":"https:\/\/www.svettlace.sk\/index.php?rest_route=\/wp\/v2\/types\/product"}],"replies":[{"embeddable":true,"href":"https:\/\/www.svettlace.sk\/index.php?rest_route=%2Fwp%2Fv2%2Fcomments&post=1761"}],"wp:featuredmedia":[{"embeddable":true,"href":"https:\/\/www.svettlace.sk\/index.php?rest_route=\/wp\/v2\/media\/1921"}],"wp:attachment":[{"href":"https:\/\/www.svettlace.sk\/index.php?rest_route=%2Fwp%2Fv2%2Fmedia&parent=1761"}],"wp:term":[{"taxonomy":"product_brand","embeddable":true,"href":"https:\/\/www.svettlace.sk\/index.php?rest_route=%2Fwp%2Fv2%2Fproduct_brand&post=1761"},{"taxonomy":"product_cat","embeddable":true,"href":"https:\/\/www.svettlace.sk\/index.php?rest_route=%2Fwp%2Fv2%2Fproduct_cat&post=1761"},{"taxonomy":"product_tag","embeddable":true,"href":"https:\/\/www.svettlace.sk\/index.php?rest_route=%2Fwp%2Fv2%2Fproduct_tag&post=1761"}],"curies":[{"name":"wp","href":"https:\/\/api.w.org\/{rel}","templated":true}]}}