{"id":1867,"date":"2025-02-10T15:59:09","date_gmt":"2025-02-10T14:59:09","guid":{"rendered":"https:\/\/www.svetshop.sk\/?post_type=product&#038;p=1867"},"modified":"2025-02-11T10:44:37","modified_gmt":"2025-02-11T09:44:37","slug":"tricko-heavy","status":"publish","type":"product","link":"https:\/\/www.svettlace.sk\/?product=tricko-heavy","title":{"rendered":"Tri\u010dko HEAVY"},"content":{"rendered":"<div class=\"detail_page_specification__JUfBk\">\n<ul>\n<li>Single Jersey, 100 % bavlna (farba 03 &#8211; zlo\u017eenie sa m\u00f4\u017ee l\u00ed\u0161i\u0165 &#8211; 97 % bavlna, 3 % visk\u00f3za)<\/li>\n<\/ul>\n<\/div>\n<div class=\"detail_page_description__y8+1a\">\n<ul>\n<li>tubul\u00e1rny strih<\/li>\n<li>lem priekr\u010dn\u00edka z rebrov\u00e9ho \u00fapletu 1:1 s 5 % elastanu<\/li>\n<li>spev\u0148uj\u00faca p\u00e1ska od ramena k ramenu<\/li>\n<\/ul>\n<\/div>\n<div class=\"detail_page_description__y8+1a\">\n<ul>\n<li><strong>Etiketa:<\/strong><span class=\"ml-1\">sat\u00e9nov\u00e1<\/span><\/li>\n<li><strong>Typ aplik\u00e1cie:<\/strong><span class=\"ml-1\">digit\u00e1lna tla\u010d, v\u00fd\u0161ivka, sie\u0165otla\u010d, digit\u00e1lny transfer, litho transfer, sie\u0165otla\u010dov\u00fd transfer, v\u00fdmena etikiet<\/span><\/li>\n<\/ul>\n<p>200 g\/m2<\/p>\n<\/div>\n","protected":false},"excerpt":{"rendered":"<p>Single Jersey, 100 % bavlna (farba 03 &#8211; zlo\u017eenie sa m\u00f4\u017ee l\u00ed\u0161i\u0165 &#8211; 97 % bavlna, 3 % visk\u00f3za) tubul\u00e1rny strih lem priekr\u010dn\u00edka z rebrov\u00e9ho \u00fapletu 1:1 s 5 % elastanu spev\u0148uj\u00faca p\u00e1ska od ramena k ramenu Etiketa:sat\u00e9nov\u00e1 Typ aplik\u00e1cie:digit\u00e1lna tla\u010d, v\u00fd\u0161ivka, sie\u0165otla\u010d, digit\u00e1lny transfer, litho transfer, sie\u0165otla\u010dov\u00fd transfer, v\u00fdmena etikiet 200 g\/m2<\/p>\n","protected":false},"featured_media":1918,"comment_status":"open","ping_status":"closed","template":"","meta":{"_gspb_post_css":""},"product_brand":[],"product_cat":[105],"product_tag":[],"class_list":{"0":"post-1867","1":"product","2":"type-product","3":"status-publish","4":"has-post-thumbnail","6":"product_cat-textil","8":"first","9":"instock","10":"taxable","11":"shipping-taxable","12":"purchasable","13":"product-type-variable"},"yoast_head":"<!-- This site is optimized with the Yoast SEO plugin v22.0 - https:\/\/yoast.com\/wordpress\/plugins\/seo\/ -->\n<title>Tri\u010dko HEAVY - SvetTla\u010de<\/title>\n<meta name=\"robots\" content=\"index, follow, max-snippet:-1, max-image-preview:large, max-video-preview:-1\" \/>\n<link rel=\"canonical\" href=\"https:\/\/www.svettlace.sk\/?product=tricko-heavy\" \/>\n<meta property=\"og:locale\" content=\"sk_SK\" \/>\n<meta property=\"og:type\" content=\"article\" \/>\n<meta property=\"og:title\" content=\"Tri\u010dko HEAVY - SvetTla\u010de\" \/>\n<meta property=\"og:description\" content=\"Single Jersey, 100 % bavlna (farba 03 &#8211; zlo\u017eenie sa m\u00f4\u017ee l\u00ed\u0161i\u0165 &#8211; 97 % bavlna, 3 % visk\u00f3za) tubul\u00e1rny strih lem priekr\u010dn\u00edka z rebrov\u00e9ho \u00fapletu 1:1 s 5 % elastanu spev\u0148uj\u00faca p\u00e1ska od ramena k ramenu Etiketa:sat\u00e9nov\u00e1 Typ aplik\u00e1cie:digit\u00e1lna tla\u010d, v\u00fd\u0161ivka, sie\u0165otla\u010d, digit\u00e1lny transfer, litho transfer, sie\u0165otla\u010dov\u00fd transfer, v\u00fdmena etikiet 200 g\/m2\" \/>\n<meta property=\"og:url\" content=\"https:\/\/www.svettlace.sk\/?product=tricko-heavy\" \/>\n<meta property=\"og:site_name\" content=\"SvetTla\u010de\" \/>\n<meta property=\"article:modified_time\" content=\"2025-02-11T09:44:37+00:00\" \/>\n<meta property=\"og:image\" content=\"https:\/\/www.svettlace.sk\/wp-content\/uploads\/2025\/02\/Tricko2.jpg\" \/>\n\t<meta property=\"og:image:width\" content=\"1000\" \/>\n\t<meta property=\"og:image:height\" content=\"1000\" \/>\n\t<meta property=\"og:image:type\" content=\"image\/jpeg\" \/>\n<meta name=\"twitter:card\" content=\"summary_large_image\" \/>\n<script type=\"application\/ld+json\" class=\"yoast-schema-graph\">{\"@context\":\"https:\/\/schema.org\",\"@graph\":[{\"@type\":\"WebPage\",\"@id\":\"https:\/\/www.svettlace.sk\/?product=tricko-heavy\",\"url\":\"https:\/\/www.svettlace.sk\/?product=tricko-heavy\",\"name\":\"Tri\u010dko HEAVY - SvetTla\u010de\",\"isPartOf\":{\"@id\":\"https:\/\/www.svettlace.sk\/#website\"},\"datePublished\":\"2025-02-10T14:59:09+00:00\",\"dateModified\":\"2025-02-11T09:44:37+00:00\",\"breadcrumb\":{\"@id\":\"https:\/\/www.svettlace.sk\/?product=tricko-heavy#breadcrumb\"},\"inLanguage\":\"sk-SK\",\"potentialAction\":[{\"@type\":\"ReadAction\",\"target\":[\"https:\/\/www.svettlace.sk\/?product=tricko-heavy\"]}]},{\"@type\":\"BreadcrumbList\",\"@id\":\"https:\/\/www.svettlace.sk\/?product=tricko-heavy#breadcrumb\",\"itemListElement\":[{\"@type\":\"ListItem\",\"position\":1,\"name\":\"Domovsk\u00e1 str\u00e1nka\",\"item\":\"https:\/\/www.svettlace.sk\/\"},{\"@type\":\"ListItem\",\"position\":2,\"name\":\"Shop\",\"item\":\"https:\/\/www.svettlace.sk\/?page_id=1505\"},{\"@type\":\"ListItem\",\"position\":3,\"name\":\"Tri\u010dko HEAVY\"}]},{\"@type\":\"WebSite\",\"@id\":\"https:\/\/www.svettlace.sk\/#website\",\"url\":\"https:\/\/www.svettlace.sk\/\",\"name\":\"SvetTla\u010de\",\"description\":\"V\u00e1\u0161 svet pre tla\u010d\",\"publisher\":{\"@id\":\"https:\/\/www.svettlace.sk\/#organization\"},\"potentialAction\":[{\"@type\":\"SearchAction\",\"target\":{\"@type\":\"EntryPoint\",\"urlTemplate\":\"https:\/\/www.svettlace.sk\/?s={search_term_string}\"},\"query-input\":\"required name=search_term_string\"}],\"inLanguage\":\"sk-SK\"},{\"@type\":\"Organization\",\"@id\":\"https:\/\/www.svettlace.sk\/#organization\",\"name\":\"SvetTla\u010de\",\"url\":\"https:\/\/www.svettlace.sk\/\",\"logo\":{\"@type\":\"ImageObject\",\"inLanguage\":\"sk-SK\",\"@id\":\"https:\/\/www.svettlace.sk\/#\/schema\/logo\/image\/\",\"url\":\"https:\/\/www.svettlace.sk\/wp-content\/uploads\/2025\/02\/LogoBlack.png\",\"contentUrl\":\"https:\/\/www.svettlace.sk\/wp-content\/uploads\/2025\/02\/LogoBlack.png\",\"width\":416,\"height\":104,\"caption\":\"SvetTla\u010de\"},\"image\":{\"@id\":\"https:\/\/www.svettlace.sk\/#\/schema\/logo\/image\/\"}}]}<\/script>\n<!-- \/ Yoast SEO plugin. -->","yoast_head_json":{"title":"Tri\u010dko HEAVY - SvetTla\u010de","robots":{"index":"index","follow":"follow","max-snippet":"max-snippet:-1","max-image-preview":"max-image-preview:large","max-video-preview":"max-video-preview:-1"},"canonical":"https:\/\/www.svettlace.sk\/?product=tricko-heavy","og_locale":"sk_SK","og_type":"article","og_title":"Tri\u010dko HEAVY - SvetTla\u010de","og_description":"Single Jersey, 100 % bavlna (farba 03 &#8211; zlo\u017eenie sa m\u00f4\u017ee l\u00ed\u0161i\u0165 &#8211; 97 % bavlna, 3 % visk\u00f3za) tubul\u00e1rny strih lem priekr\u010dn\u00edka z rebrov\u00e9ho \u00fapletu 1:1 s 5 % elastanu spev\u0148uj\u00faca p\u00e1ska od ramena k ramenu Etiketa:sat\u00e9nov\u00e1 Typ aplik\u00e1cie:digit\u00e1lna tla\u010d, v\u00fd\u0161ivka, sie\u0165otla\u010d, digit\u00e1lny transfer, litho transfer, sie\u0165otla\u010dov\u00fd transfer, v\u00fdmena etikiet 200 g\/m2","og_url":"https:\/\/www.svettlace.sk\/?product=tricko-heavy","og_site_name":"SvetTla\u010de","article_modified_time":"2025-02-11T09:44:37+00:00","og_image":[{"width":1000,"height":1000,"url":"https:\/\/www.svettlace.sk\/wp-content\/uploads\/2025\/02\/Tricko2.jpg","type":"image\/jpeg"}],"twitter_card":"summary_large_image","schema":{"@context":"https:\/\/schema.org","@graph":[{"@type":"WebPage","@id":"https:\/\/www.svettlace.sk\/?product=tricko-heavy","url":"https:\/\/www.svettlace.sk\/?product=tricko-heavy","name":"Tri\u010dko HEAVY - SvetTla\u010de","isPartOf":{"@id":"https:\/\/www.svettlace.sk\/#website"},"datePublished":"2025-02-10T14:59:09+00:00","dateModified":"2025-02-11T09:44:37+00:00","breadcrumb":{"@id":"https:\/\/www.svettlace.sk\/?product=tricko-heavy#breadcrumb"},"inLanguage":"sk-SK","potentialAction":[{"@type":"ReadAction","target":["https:\/\/www.svettlace.sk\/?product=tricko-heavy"]}]},{"@type":"BreadcrumbList","@id":"https:\/\/www.svettlace.sk\/?product=tricko-heavy#breadcrumb","itemListElement":[{"@type":"ListItem","position":1,"name":"Domovsk\u00e1 str\u00e1nka","item":"https:\/\/www.svettlace.sk\/"},{"@type":"ListItem","position":2,"name":"Shop","item":"https:\/\/www.svettlace.sk\/?page_id=1505"},{"@type":"ListItem","position":3,"name":"Tri\u010dko HEAVY"}]},{"@type":"WebSite","@id":"https:\/\/www.svettlace.sk\/#website","url":"https:\/\/www.svettlace.sk\/","name":"SvetTla\u010de","description":"V\u00e1\u0161 svet pre tla\u010d","publisher":{"@id":"https:\/\/www.svettlace.sk\/#organization"},"potentialAction":[{"@type":"SearchAction","target":{"@type":"EntryPoint","urlTemplate":"https:\/\/www.svettlace.sk\/?s={search_term_string}"},"query-input":"required name=search_term_string"}],"inLanguage":"sk-SK"},{"@type":"Organization","@id":"https:\/\/www.svettlace.sk\/#organization","name":"SvetTla\u010de","url":"https:\/\/www.svettlace.sk\/","logo":{"@type":"ImageObject","inLanguage":"sk-SK","@id":"https:\/\/www.svettlace.sk\/#\/schema\/logo\/image\/","url":"https:\/\/www.svettlace.sk\/wp-content\/uploads\/2025\/02\/LogoBlack.png","contentUrl":"https:\/\/www.svettlace.sk\/wp-content\/uploads\/2025\/02\/LogoBlack.png","width":416,"height":104,"caption":"SvetTla\u010de"},"image":{"@id":"https:\/\/www.svettlace.sk\/#\/schema\/logo\/image\/"}}]}},"_links":{"self":[{"href":"https:\/\/www.svettlace.sk\/index.php?rest_route=\/wp\/v2\/product\/1867","targetHints":{"allow":["GET"]}}],"collection":[{"href":"https:\/\/www.svettlace.sk\/index.php?rest_route=\/wp\/v2\/product"}],"about":[{"href":"https:\/\/www.svettlace.sk\/index.php?rest_route=\/wp\/v2\/types\/product"}],"replies":[{"embeddable":true,"href":"https:\/\/www.svettlace.sk\/index.php?rest_route=%2Fwp%2Fv2%2Fcomments&post=1867"}],"wp:featuredmedia":[{"embeddable":true,"href":"https:\/\/www.svettlace.sk\/index.php?rest_route=\/wp\/v2\/media\/1918"}],"wp:attachment":[{"href":"https:\/\/www.svettlace.sk\/index.php?rest_route=%2Fwp%2Fv2%2Fmedia&parent=1867"}],"wp:term":[{"taxonomy":"product_brand","embeddable":true,"href":"https:\/\/www.svettlace.sk\/index.php?rest_route=%2Fwp%2Fv2%2Fproduct_brand&post=1867"},{"taxonomy":"product_cat","embeddable":true,"href":"https:\/\/www.svettlace.sk\/index.php?rest_route=%2Fwp%2Fv2%2Fproduct_cat&post=1867"},{"taxonomy":"product_tag","embeddable":true,"href":"https:\/\/www.svettlace.sk\/index.php?rest_route=%2Fwp%2Fv2%2Fproduct_tag&post=1867"}],"curies":[{"name":"wp","href":"https:\/\/api.w.org\/{rel}","templated":true}]}}